{"id":1652,"date":"2015-09-27T14:00:11","date_gmt":"2015-09-27T14:00:11","guid":{"rendered":"http:\/\/slg-weddendorf.de\/?page_id=1652"},"modified":"2023-01-18T13:11:43","modified_gmt":"2023-01-18T13:11:43","slug":"mitgliederbereich-3","status":"publish","type":"page","link":"http:\/\/slg-weddendorf.de\/?page_id=1652","title":{"rendered":"Mitgliederbereich"},"content":{"rendered":"<h2><strong>Organisation\/Ordnungen \/Projekte\/ Dokumente<\/strong><\/h2>\n<p>Die Aufsichten bitte im Kalender einsehen die Termine pr\u00fcfen. Sollte eine \u00c4nderung aus pers\u00f6nlichen Gr\u00fcnden notwendig sein, bitte selbst f\u00fcr Ersatz sorgen und eine R\u00fcckmeldung an den Schie\u00dfsportleiter geben. Anmeldungen von Terminen bitte ebenso mit dem Schie\u00dfsportleiter abstimmen.<\/p>\n<p>Kontaktdaten Christian Sender:<br \/>\n<a href=\"mailto:christiansender@gmx.de\">christiansender@gmx.de<\/a>\u00a0 oder mobil 0174\/9609172<\/p>\n<h2><strong>Formulare Waffenbef\u00fcrwortung BDMP<\/strong><\/h2>\n<p><a href=\"http:\/\/www.bdmp-lv-sachsen-anhalt.de\/formulare\/BDMP-WRB_antrag.pdf\">Antrag auf Bed\u00fcrfnis<\/a><\/p>\n<p><a href=\"http:\/\/www.bdmp-lv-sachsen-anhalt.de\/formulare\/BDMP-WRB_Beib.pdf\">Beiblatt Waffenliste<\/a><\/p>\n<p><a href=\"http:\/\/www.bdmp-lv-sachsen-anhalt.de\/formulare\/BDMP-WRB_SLG.pdf\">Beiblatt zur Bef\u00fcrwortung SLG-Leiter<\/a><\/p>\n<h2><strong>Formular Waffen\u00fcberlassung BDMP<\/strong><\/h2>\n<p><a href=\"http:\/\/www.bdmp-lv-sachsen-anhalt.de\/formulare\/BDMP-Form_38.pdf\">Waffen\u00fcberlassung kurzzeitig<\/a><\/p>\n<h2><strong>Dokumente vereinsintern<\/strong><\/h2>\n<p><strong><a href=\"http:\/\/slg-weddendorf.de\/wp-content\/uploads\/2015\/09\/Hausordnung.Weddendorf-\u00c4nderung-AW.pdf\" target=\"_blank\" rel=\"noopener noreferrer\">Hausordnung als Download<\/a><\/strong><strong><br \/>\n<\/strong><strong><a href=\"http:\/\/slg-weddendorf.de\/wp-content\/uploads\/2015\/09\/Beitrags-und-Aufnahmeordnung-2018.pdf\" target=\"_blank\" rel=\"noopener noreferrer\">Beitrags- und Aufnahmeordnung als Download<\/a><br \/>\n<a href=\"http:\/\/slg-weddendorf.de\/wp-content\/uploads\/2020\/08\/Aufnahmeantrag-2018.pdf\">Aufnahmeantrag als Download<\/a><\/strong><\/p>\n<div class=\"column sidebar sidebar-first\">\n<aside class=\"section\" role=\"complementary\">\n<div class=\"region region-sidebar-first\">\n<p id=\"block-views-block-document-view-block-1\" class=\"views-element-container block block-views block-views-blockdocument-view-block-1\"><strong>Waffenaufbewahrung:<\/strong> <a href=\"http:\/\/slg-weddendorf.de\/wp-content\/uploads\/2018\/12\/merkblatt_waffenaufbewahrung.pdf\" target=\"_blank\" rel=\"noopener noreferrer\"><strong>Merkblatt Waffenaufbewahrung Neu 2018<\/strong><\/a><\/p>\n<\/div>\n<\/aside>\n<\/div>\n","protected":false},"excerpt":{"rendered":"<p>Organisation\/Ordnungen \/Projekte\/ Dokumente Die Aufsichten bitte im Kalender einsehen die Termine pr\u00fcfen. Sollte eine \u00c4nderung aus pers\u00f6nlichen Gr\u00fcnden notwendig sein, bitte selbst f\u00fcr Ersatz sorgen und eine R\u00fcckmeldung an den Schie\u00dfsportleiter geben. Anmeldungen von Terminen bitte ebenso mit dem Schie\u00dfsportleiter &hellip; <a href=\"http:\/\/slg-weddendorf.de\/?page_id=1652\">Weiterlesen <span class=\"meta-nav\">&rarr;<\/span><\/a><\/p>\n","protected":false},"author":1,"featured_media":0,"parent":0,"menu_order":0,"comment_status":"closed","ping_status":"closed","template":"","meta":[],"_links":{"self":[{"href":"http:\/\/slg-weddendorf.de\/index.php?rest_route=\/wp\/v2\/pages\/1652"}],"collection":[{"href":"http:\/\/slg-weddendorf.de\/index.php?rest_route=\/wp\/v2\/pages"}],"about":[{"href":"http:\/\/slg-weddendorf.de\/index.php?rest_route=\/wp\/v2\/types\/page"}],"author":[{"embeddable":true,"href":"http:\/\/slg-weddendorf.de\/index.php?rest_route=\/wp\/v2\/users\/1"}],"replies":[{"embeddable":true,"href":"http:\/\/slg-weddendorf.de\/index.php?rest_route=%2Fwp%2Fv2%2Fcomments&post=1652"}],"version-history":[{"count":205,"href":"http:\/\/slg-weddendorf.de\/index.php?rest_route=\/wp\/v2\/pages\/1652\/revisions"}],"predecessor-version":[{"id":5511,"href":"http:\/\/slg-weddendorf.de\/index.php?rest_route=\/wp\/v2\/pages\/1652\/revisions\/5511"}],"wp:attachment":[{"href":"http:\/\/slg-weddendorf.de\/index.php?rest_route=%2Fwp%2Fv2%2Fmedia&parent=1652"}],"curies":[{"name":"wp","href":"https:\/\/api.w.org\/{rel}","templated":true}]}}