{"id":5729,"date":"2025-09-28T07:33:34","date_gmt":"2025-09-28T07:33:34","guid":{"rendered":"http:\/\/slg-weddendorf.de\/?page_id=5729"},"modified":"2025-09-28T08:35:47","modified_gmt":"2025-09-28T08:35:47","slug":"bilder-cs-design","status":"publish","type":"page","link":"http:\/\/slg-weddendorf.de\/?page_id=5729","title":{"rendered":"Bilder CS-Design"},"content":{"rendered":"\n<p><strong>CS-Design<\/strong><\/p>\n\n\n\n<p>Bei Interesse oder Anfragen, <br>bitte per E-Mail an Christiansender@gmx.de<\/p>\n\n\n\n<div class=\"wp-block-columns\">\n<div class=\"wp-block-column\" style=\"flex-basis:33.33%\">\n<p><strong>CS-Design:<br>Anschlagsch\u00e4fte <br>und Pistolen Karabiner Kits <\/strong><\/p>\n\n\n\n<ul><li>Alle Teile werden CNC gefr\u00e4st und in Kleinserie hergestellt.<\/li><li>Auf Anfrage k\u00f6nnen auch gr\u00f6\u00dfere St\u00fcckzahlen geliefert werden.<\/li><li>(Anschlagsch\u00e4fte werde ohne Schubschaft, Optik und Handgriff geliefert)<\/li><li>Picatinyschiene und Aufnahme passen f\u00fcr alle daf\u00fcr hergestellten Systeme<\/li><li>f\u00fcr folgende Waffen getestet<br>(Picatiny Schiene muss vorhanden sein)<ul><li>CZ shadow 2<\/li><li>CZ SP 01<\/li><li>Glock 34<\/li><\/ul><\/li><\/ul>\n\n\n\n<p><\/p>\n<\/div>\n\n\n\n<div class=\"wp-block-column\" style=\"flex-basis:66.66%\">\n<figure class=\"wp-block-gallery columns-3 is-cropped\"><ul class=\"blocks-gallery-grid\"><li class=\"blocks-gallery-item\"><figure><img loading=\"lazy\" width=\"1000\" height=\"750\" src=\"http:\/\/slg-weddendorf.de\/wp-content\/uploads\/2025\/09\/IMG-20250928-WA0001-1.jpg\" alt=\"\" data-id=\"5746\" data-link=\"http:\/\/slg-weddendorf.de\/?attachment_id=5746\" class=\"wp-image-5746\" srcset=\"http:\/\/slg-weddendorf.de\/wp-content\/uploads\/2025\/09\/IMG-20250928-WA0001-1.jpg 1000w, http:\/\/slg-weddendorf.de\/wp-content\/uploads\/2025\/09\/IMG-20250928-WA0001-1-300x225.jpg 300w, http:\/\/slg-weddendorf.de\/wp-content\/uploads\/2025\/09\/IMG-20250928-WA0001-1-150x113.jpg 150w, http:\/\/slg-weddendorf.de\/wp-content\/uploads\/2025\/09\/IMG-20250928-WA0001-1-768x576.jpg 768w\" sizes=\"(max-width: 1000px) 100vw, 1000px\" \/><\/figure><\/li><li class=\"blocks-gallery-item\"><figure><img loading=\"lazy\" width=\"1000\" height=\"750\" src=\"http:\/\/slg-weddendorf.de\/wp-content\/uploads\/2025\/09\/IMG-20250928-WA0002-1.jpg\" alt=\"\" data-id=\"5747\" data-link=\"http:\/\/slg-weddendorf.de\/?attachment_id=5747\" class=\"wp-image-5747\" srcset=\"http:\/\/slg-weddendorf.de\/wp-content\/uploads\/2025\/09\/IMG-20250928-WA0002-1.jpg 1000w, http:\/\/slg-weddendorf.de\/wp-content\/uploads\/2025\/09\/IMG-20250928-WA0002-1-300x225.jpg 300w, http:\/\/slg-weddendorf.de\/wp-content\/uploads\/2025\/09\/IMG-20250928-WA0002-1-150x113.jpg 150w, http:\/\/slg-weddendorf.de\/wp-content\/uploads\/2025\/09\/IMG-20250928-WA0002-1-768x576.jpg 768w\" sizes=\"(max-width: 1000px) 100vw, 1000px\" \/><\/figure><\/li><li class=\"blocks-gallery-item\"><figure><img loading=\"lazy\" width=\"1000\" height=\"750\" src=\"http:\/\/slg-weddendorf.de\/wp-content\/uploads\/2025\/09\/IMG-20250928-WA0003-1.jpg\" alt=\"\" data-id=\"5748\" data-link=\"http:\/\/slg-weddendorf.de\/?attachment_id=5748\" class=\"wp-image-5748\" srcset=\"http:\/\/slg-weddendorf.de\/wp-content\/uploads\/2025\/09\/IMG-20250928-WA0003-1.jpg 1000w, http:\/\/slg-weddendorf.de\/wp-content\/uploads\/2025\/09\/IMG-20250928-WA0003-1-300x225.jpg 300w, http:\/\/slg-weddendorf.de\/wp-content\/uploads\/2025\/09\/IMG-20250928-WA0003-1-150x113.jpg 150w, http:\/\/slg-weddendorf.de\/wp-content\/uploads\/2025\/09\/IMG-20250928-WA0003-1-768x576.jpg 768w\" sizes=\"(max-width: 1000px) 100vw, 1000px\" \/><\/figure><\/li><li class=\"blocks-gallery-item\"><figure><img loading=\"lazy\" width=\"1000\" height=\"750\" src=\"http:\/\/slg-weddendorf.de\/wp-content\/uploads\/2025\/09\/IMG-20250928-WA0004-1.jpg\" alt=\"\" data-id=\"5749\" data-link=\"http:\/\/slg-weddendorf.de\/?attachment_id=5749\" class=\"wp-image-5749\" srcset=\"http:\/\/slg-weddendorf.de\/wp-content\/uploads\/2025\/09\/IMG-20250928-WA0004-1.jpg 1000w, http:\/\/slg-weddendorf.de\/wp-content\/uploads\/2025\/09\/IMG-20250928-WA0004-1-300x225.jpg 300w, http:\/\/slg-weddendorf.de\/wp-content\/uploads\/2025\/09\/IMG-20250928-WA0004-1-150x113.jpg 150w, http:\/\/slg-weddendorf.de\/wp-content\/uploads\/2025\/09\/IMG-20250928-WA0004-1-768x576.jpg 768w\" sizes=\"(max-width: 1000px) 100vw, 1000px\" \/><\/figure><\/li><li class=\"blocks-gallery-item\"><figure><img loading=\"lazy\" width=\"1000\" height=\"750\" src=\"http:\/\/slg-weddendorf.de\/wp-content\/uploads\/2025\/09\/IMG-20250928-WA0005-1.jpg\" alt=\"\" data-id=\"5750\" data-link=\"http:\/\/slg-weddendorf.de\/?attachment_id=5750\" class=\"wp-image-5750\" srcset=\"http:\/\/slg-weddendorf.de\/wp-content\/uploads\/2025\/09\/IMG-20250928-WA0005-1.jpg 1000w, http:\/\/slg-weddendorf.de\/wp-content\/uploads\/2025\/09\/IMG-20250928-WA0005-1-300x225.jpg 300w, http:\/\/slg-weddendorf.de\/wp-content\/uploads\/2025\/09\/IMG-20250928-WA0005-1-150x113.jpg 150w, http:\/\/slg-weddendorf.de\/wp-content\/uploads\/2025\/09\/IMG-20250928-WA0005-1-768x576.jpg 768w\" sizes=\"(max-width: 1000px) 100vw, 1000px\" \/><\/figure><\/li><li class=\"blocks-gallery-item\"><figure><img loading=\"lazy\" width=\"1024\" height=\"768\" src=\"http:\/\/slg-weddendorf.de\/wp-content\/uploads\/2025\/09\/WhatsApp-Bild-2025-09-28-um-09.29.05_4c21e033-2-1024x768.jpg\" alt=\"\" data-id=\"5751\" data-link=\"http:\/\/slg-weddendorf.de\/?attachment_id=5751\" class=\"wp-image-5751\" srcset=\"http:\/\/slg-weddendorf.de\/wp-content\/uploads\/2025\/09\/WhatsApp-Bild-2025-09-28-um-09.29.05_4c21e033-2-1024x768.jpg 1024w, http:\/\/slg-weddendorf.de\/wp-content\/uploads\/2025\/09\/WhatsApp-Bild-2025-09-28-um-09.29.05_4c21e033-2-300x225.jpg 300w, http:\/\/slg-weddendorf.de\/wp-content\/uploads\/2025\/09\/WhatsApp-Bild-2025-09-28-um-09.29.05_4c21e033-2-150x113.jpg 150w, http:\/\/slg-weddendorf.de\/wp-content\/uploads\/2025\/09\/WhatsApp-Bild-2025-09-28-um-09.29.05_4c21e033-2-768x576.jpg 768w, http:\/\/slg-weddendorf.de\/wp-content\/uploads\/2025\/09\/WhatsApp-Bild-2025-09-28-um-09.29.05_4c21e033-2-1536x1152.jpg 1536w, http:\/\/slg-weddendorf.de\/wp-content\/uploads\/2025\/09\/WhatsApp-Bild-2025-09-28-um-09.29.05_4c21e033-2-rotated.jpg 1600w\" sizes=\"(max-width: 1024px) 100vw, 1024px\" \/><\/figure><\/li><li class=\"blocks-gallery-item\"><figure><img loading=\"lazy\" width=\"1024\" height=\"768\" src=\"http:\/\/slg-weddendorf.de\/wp-content\/uploads\/2025\/09\/WhatsApp-Bild-2025-09-28-um-09.29.05_4c21e033-3-1024x768.jpg\" alt=\"\" data-id=\"5752\" data-full-url=\"http:\/\/slg-weddendorf.de\/wp-content\/uploads\/2025\/09\/WhatsApp-Bild-2025-09-28-um-09.29.05_4c21e033-3-rotated.jpg\" data-link=\"http:\/\/slg-weddendorf.de\/?attachment_id=5752\" class=\"wp-image-5752\" srcset=\"http:\/\/slg-weddendorf.de\/wp-content\/uploads\/2025\/09\/WhatsApp-Bild-2025-09-28-um-09.29.05_4c21e033-3-1024x768.jpg 1024w, http:\/\/slg-weddendorf.de\/wp-content\/uploads\/2025\/09\/WhatsApp-Bild-2025-09-28-um-09.29.05_4c21e033-3-300x225.jpg 300w, http:\/\/slg-weddendorf.de\/wp-content\/uploads\/2025\/09\/WhatsApp-Bild-2025-09-28-um-09.29.05_4c21e033-3-150x113.jpg 150w, http:\/\/slg-weddendorf.de\/wp-content\/uploads\/2025\/09\/WhatsApp-Bild-2025-09-28-um-09.29.05_4c21e033-3-768x576.jpg 768w, http:\/\/slg-weddendorf.de\/wp-content\/uploads\/2025\/09\/WhatsApp-Bild-2025-09-28-um-09.29.05_4c21e033-3-1536x1152.jpg 1536w, http:\/\/slg-weddendorf.de\/wp-content\/uploads\/2025\/09\/WhatsApp-Bild-2025-09-28-um-09.29.05_4c21e033-3-rotated.jpg 1600w\" sizes=\"(max-width: 1024px) 100vw, 1024px\" \/><\/figure><\/li><\/ul><\/figure>\n<\/div>\n<\/div>\n\n\n\n<div class=\"wp-block-columns\">\n<div class=\"wp-block-column\" style=\"flex-basis:33.33%\">\n<p><strong>2 Seiten Montage f\u00fcr Czechmate<\/strong><\/p>\n\n\n\n<ul><li>20 MOA Vorneigung<\/li><li>Picantinny Schiene <\/li><li>f\u00fcr die Aufnahme aller g\u00e4ngigen Optiken geeignet<\/li><\/ul>\n<\/div>\n\n\n\n<div class=\"wp-block-column\" style=\"flex-basis:66.66%\">\n<div class=\"wp-block-group\"><div class=\"wp-block-group__inner-container\">\n<figure class=\"wp-block-gallery columns-3 is-cropped\"><ul class=\"blocks-gallery-grid\"><li class=\"blocks-gallery-item\"><figure><img loading=\"lazy\" width=\"1024\" height=\"834\" src=\"http:\/\/slg-weddendorf.de\/wp-content\/uploads\/2025\/09\/IMG-20250928-WA0007-1-1024x834.jpg\" alt=\"\" data-id=\"5771\" data-link=\"http:\/\/slg-weddendorf.de\/?attachment_id=5771\" class=\"wp-image-5771\" srcset=\"http:\/\/slg-weddendorf.de\/wp-content\/uploads\/2025\/09\/IMG-20250928-WA0007-1-1024x834.jpg 1024w, http:\/\/slg-weddendorf.de\/wp-content\/uploads\/2025\/09\/IMG-20250928-WA0007-1-300x244.jpg 300w, http:\/\/slg-weddendorf.de\/wp-content\/uploads\/2025\/09\/IMG-20250928-WA0007-1-150x122.jpg 150w, http:\/\/slg-weddendorf.de\/wp-content\/uploads\/2025\/09\/IMG-20250928-WA0007-1-768x625.jpg 768w, http:\/\/slg-weddendorf.de\/wp-content\/uploads\/2025\/09\/IMG-20250928-WA0007-1-1536x1251.jpg 1536w, http:\/\/slg-weddendorf.de\/wp-content\/uploads\/2025\/09\/IMG-20250928-WA0007-1.jpg 1600w\" sizes=\"(max-width: 1024px) 100vw, 1024px\" \/><\/figure><\/li><li class=\"blocks-gallery-item\"><figure><img loading=\"lazy\" width=\"1024\" height=\"690\" src=\"http:\/\/slg-weddendorf.de\/wp-content\/uploads\/2025\/09\/IMG-20250928-WA0008-1.jpg\" alt=\"\" data-id=\"5772\" data-link=\"http:\/\/slg-weddendorf.de\/?attachment_id=5772\" class=\"wp-image-5772\" srcset=\"http:\/\/slg-weddendorf.de\/wp-content\/uploads\/2025\/09\/IMG-20250928-WA0008-1.jpg 1024w, http:\/\/slg-weddendorf.de\/wp-content\/uploads\/2025\/09\/IMG-20250928-WA0008-1-300x202.jpg 300w, http:\/\/slg-weddendorf.de\/wp-content\/uploads\/2025\/09\/IMG-20250928-WA0008-1-150x101.jpg 150w, http:\/\/slg-weddendorf.de\/wp-content\/uploads\/2025\/09\/IMG-20250928-WA0008-1-768x518.jpg 768w\" sizes=\"(max-width: 1024px) 100vw, 1024px\" \/><\/figure><\/li><li class=\"blocks-gallery-item\"><figure><img loading=\"lazy\" width=\"333\" height=\"329\" src=\"http:\/\/slg-weddendorf.de\/wp-content\/uploads\/2025\/09\/IMG-20250928-WA0009-4.jpg\" alt=\"\" data-id=\"5773\" data-link=\"http:\/\/slg-weddendorf.de\/?attachment_id=5773\" class=\"wp-image-5773\" srcset=\"http:\/\/slg-weddendorf.de\/wp-content\/uploads\/2025\/09\/IMG-20250928-WA0009-4.jpg 333w, http:\/\/slg-weddendorf.de\/wp-content\/uploads\/2025\/09\/IMG-20250928-WA0009-4-300x296.jpg 300w, http:\/\/slg-weddendorf.de\/wp-content\/uploads\/2025\/09\/IMG-20250928-WA0009-4-150x148.jpg 150w\" sizes=\"(max-width: 333px) 100vw, 333px\" \/><\/figure><\/li><li class=\"blocks-gallery-item\"><figure><img loading=\"lazy\" width=\"333\" height=\"329\" src=\"http:\/\/slg-weddendorf.de\/wp-content\/uploads\/2025\/09\/IMG-20250928-WA0009-5.jpg\" alt=\"\" data-id=\"5775\" data-full-url=\"http:\/\/slg-weddendorf.de\/wp-content\/uploads\/2025\/09\/IMG-20250928-WA0009-5.jpg\" data-link=\"http:\/\/slg-weddendorf.de\/?attachment_id=5775\" class=\"wp-image-5775\" srcset=\"http:\/\/slg-weddendorf.de\/wp-content\/uploads\/2025\/09\/IMG-20250928-WA0009-5.jpg 333w, http:\/\/slg-weddendorf.de\/wp-content\/uploads\/2025\/09\/IMG-20250928-WA0009-5-300x296.jpg 300w, http:\/\/slg-weddendorf.de\/wp-content\/uploads\/2025\/09\/IMG-20250928-WA0009-5-150x148.jpg 150w\" sizes=\"(max-width: 333px) 100vw, 333px\" \/><\/figure><\/li><\/ul><figcaption class=\"blocks-gallery-caption\"> 2 Seiten Montage mit 20 MOA Vorneigung f\u00fcr CZ 75 CzechMate.<br>Erm\u00f6glicht die Aufnahme auch schwerer\/hochwertiger Optiken wie dem Aimpoint Comp C3 &#8211; 2 MOA Rotpunkt. <\/figcaption><\/figure>\n<\/div><\/div>\n\n\n\n<div class=\"wp-block-columns\">\n<div class=\"wp-block-column\" style=\"flex-basis:100%\"><\/div>\n<\/div>\n<\/div>\n<\/div>\n\n\n\n<div class=\"wp-block-columns\">\n<div class=\"wp-block-column\" style=\"flex-basis:33.33%\">\n<p><strong>Aimpoint Verstellt\u00fcrme <br>mit Zero Stopp Funktion<\/strong><\/p>\n\n\n\n<ul><li>Personalisierte Skala mit individuellen Haltepunkte m\u00f6glich.<\/li><li>Zero Stop Funktion <br>(Haltepunkte einschie\u00dfen und wiederholgenau abrufen) ohne zu \u00fcberdrehen. <\/li><li>hochwertig Skalen<\/li><\/ul>\n\n\n\n<p><\/p>\n<\/div>\n\n\n\n<div class=\"wp-block-column\" style=\"flex-basis:66.66%\">\n<figure class=\"wp-block-gallery columns-3 is-cropped\"><ul class=\"blocks-gallery-grid\"><li class=\"blocks-gallery-item\"><figure><img loading=\"lazy\" width=\"1024\" height=\"768\" src=\"http:\/\/slg-weddendorf.de\/wp-content\/uploads\/2025\/09\/IMG-20250503-WA0003-1024x768.jpg\" alt=\"\" data-id=\"5761\" data-link=\"http:\/\/slg-weddendorf.de\/?attachment_id=5761\" class=\"wp-image-5761\" srcset=\"http:\/\/slg-weddendorf.de\/wp-content\/uploads\/2025\/09\/IMG-20250503-WA0003-1024x768.jpg 1024w, http:\/\/slg-weddendorf.de\/wp-content\/uploads\/2025\/09\/IMG-20250503-WA0003-300x225.jpg 300w, http:\/\/slg-weddendorf.de\/wp-content\/uploads\/2025\/09\/IMG-20250503-WA0003-150x113.jpg 150w, http:\/\/slg-weddendorf.de\/wp-content\/uploads\/2025\/09\/IMG-20250503-WA0003-768x576.jpg 768w, http:\/\/slg-weddendorf.de\/wp-content\/uploads\/2025\/09\/IMG-20250503-WA0003-1536x1152.jpg 1536w, http:\/\/slg-weddendorf.de\/wp-content\/uploads\/2025\/09\/IMG-20250503-WA0003.jpg 1600w\" sizes=\"(max-width: 1024px) 100vw, 1024px\" \/><\/figure><\/li><li class=\"blocks-gallery-item\"><figure><img loading=\"lazy\" width=\"1024\" height=\"576\" src=\"http:\/\/slg-weddendorf.de\/wp-content\/uploads\/2025\/09\/IMG-20250530-WA0002-1024x576.jpg\" alt=\"\" data-id=\"5762\" data-link=\"http:\/\/slg-weddendorf.de\/?attachment_id=5762\" class=\"wp-image-5762\" srcset=\"http:\/\/slg-weddendorf.de\/wp-content\/uploads\/2025\/09\/IMG-20250530-WA0002-1024x576.jpg 1024w, http:\/\/slg-weddendorf.de\/wp-content\/uploads\/2025\/09\/IMG-20250530-WA0002-300x169.jpg 300w, http:\/\/slg-weddendorf.de\/wp-content\/uploads\/2025\/09\/IMG-20250530-WA0002-150x84.jpg 150w, http:\/\/slg-weddendorf.de\/wp-content\/uploads\/2025\/09\/IMG-20250530-WA0002-768x432.jpg 768w, http:\/\/slg-weddendorf.de\/wp-content\/uploads\/2025\/09\/IMG-20250530-WA0002-1536x864.jpg 1536w, http:\/\/slg-weddendorf.de\/wp-content\/uploads\/2025\/09\/IMG-20250530-WA0002.jpg 1600w\" sizes=\"(max-width: 1024px) 100vw, 1024px\" \/><\/figure><\/li><li class=\"blocks-gallery-item\"><figure><img loading=\"lazy\" width=\"750\" height=\"1000\" src=\"http:\/\/slg-weddendorf.de\/wp-content\/uploads\/2025\/09\/IMG-20250928-WA0006.jpg\" alt=\"\" data-id=\"5763\" data-link=\"http:\/\/slg-weddendorf.de\/?attachment_id=5763\" class=\"wp-image-5763\" srcset=\"http:\/\/slg-weddendorf.de\/wp-content\/uploads\/2025\/09\/IMG-20250928-WA0006.jpg 750w, http:\/\/slg-weddendorf.de\/wp-content\/uploads\/2025\/09\/IMG-20250928-WA0006-225x300.jpg 225w, http:\/\/slg-weddendorf.de\/wp-content\/uploads\/2025\/09\/IMG-20250928-WA0006-113x150.jpg 113w\" sizes=\"(max-width: 750px) 100vw, 750px\" \/><\/figure><\/li><li class=\"blocks-gallery-item\"><figure><img loading=\"lazy\" width=\"1024\" height=\"576\" src=\"http:\/\/slg-weddendorf.de\/wp-content\/uploads\/2025\/09\/IMG-20250530-WA0002-2-1024x576.jpg\" alt=\"\" data-id=\"5777\" data-link=\"http:\/\/slg-weddendorf.de\/?attachment_id=5777\" class=\"wp-image-5777\" srcset=\"http:\/\/slg-weddendorf.de\/wp-content\/uploads\/2025\/09\/IMG-20250530-WA0002-2-1024x576.jpg 1024w, http:\/\/slg-weddendorf.de\/wp-content\/uploads\/2025\/09\/IMG-20250530-WA0002-2-300x169.jpg 300w, http:\/\/slg-weddendorf.de\/wp-content\/uploads\/2025\/09\/IMG-20250530-WA0002-2-150x84.jpg 150w, http:\/\/slg-weddendorf.de\/wp-content\/uploads\/2025\/09\/IMG-20250530-WA0002-2-768x432.jpg 768w, http:\/\/slg-weddendorf.de\/wp-content\/uploads\/2025\/09\/IMG-20250530-WA0002-2-1536x864.jpg 1536w, http:\/\/slg-weddendorf.de\/wp-content\/uploads\/2025\/09\/IMG-20250530-WA0002-2.jpg 1600w\" sizes=\"(max-width: 1024px) 100vw, 1024px\" \/><\/figure><\/li><li class=\"blocks-gallery-item\"><figure><img loading=\"lazy\" width=\"1024\" height=\"768\" src=\"http:\/\/slg-weddendorf.de\/wp-content\/uploads\/2025\/09\/WhatsApp-Bild-2025-09-28-um-10.17.19_35aecbe1-1-1024x768.jpg\" alt=\"\" data-id=\"5778\" data-full-url=\"http:\/\/slg-weddendorf.de\/wp-content\/uploads\/2025\/09\/WhatsApp-Bild-2025-09-28-um-10.17.19_35aecbe1-1.jpg\" data-link=\"http:\/\/slg-weddendorf.de\/?attachment_id=5778\" class=\"wp-image-5778\" srcset=\"http:\/\/slg-weddendorf.de\/wp-content\/uploads\/2025\/09\/WhatsApp-Bild-2025-09-28-um-10.17.19_35aecbe1-1-1024x768.jpg 1024w, http:\/\/slg-weddendorf.de\/wp-content\/uploads\/2025\/09\/WhatsApp-Bild-2025-09-28-um-10.17.19_35aecbe1-1-300x225.jpg 300w, http:\/\/slg-weddendorf.de\/wp-content\/uploads\/2025\/09\/WhatsApp-Bild-2025-09-28-um-10.17.19_35aecbe1-1-150x113.jpg 150w, http:\/\/slg-weddendorf.de\/wp-content\/uploads\/2025\/09\/WhatsApp-Bild-2025-09-28-um-10.17.19_35aecbe1-1-768x576.jpg 768w, http:\/\/slg-weddendorf.de\/wp-content\/uploads\/2025\/09\/WhatsApp-Bild-2025-09-28-um-10.17.19_35aecbe1-1-1536x1152.jpg 1536w, http:\/\/slg-weddendorf.de\/wp-content\/uploads\/2025\/09\/WhatsApp-Bild-2025-09-28-um-10.17.19_35aecbe1-1.jpg 1600w\" sizes=\"(max-width: 1024px) 100vw, 1024px\" \/><\/figure><\/li><\/ul><\/figure>\n<\/div>\n<\/div>\n","protected":false},"excerpt":{"rendered":"<p>CS-Design Bei Interesse oder Anfragen, bitte per E-Mail an Christiansender@gmx.de CS-Design:Anschlagsch\u00e4fte und Pistolen Karabiner Kits Alle Teile werden CNC gefr\u00e4st und in Kleinserie hergestellt. Auf Anfrage k\u00f6nnen auch gr\u00f6\u00dfere St\u00fcckzahlen geliefert werden. (Anschlagsch\u00e4fte werde ohne Schubschaft, Optik und Handgriff geliefert) &hellip; <a href=\"http:\/\/slg-weddendorf.de\/?page_id=5729\">Weiterlesen <span class=\"meta-nav\">&rarr;<\/span><\/a><\/p>\n","protected":false},"author":1,"featured_media":0,"parent":0,"menu_order":0,"comment_status":"closed","ping_status":"closed","template":"onecolumn-page.php","meta":[],"_links":{"self":[{"href":"http:\/\/slg-weddendorf.de\/index.php?rest_route=\/wp\/v2\/pages\/5729"}],"collection":[{"href":"http:\/\/slg-weddendorf.de\/index.php?rest_route=\/wp\/v2\/pages"}],"about":[{"href":"http:\/\/slg-weddendorf.de\/index.php?rest_route=\/wp\/v2\/types\/page"}],"author":[{"embeddable":true,"href":"http:\/\/slg-weddendorf.de\/index.php?rest_route=\/wp\/v2\/users\/1"}],"replies":[{"embeddable":true,"href":"http:\/\/slg-weddendorf.de\/index.php?rest_route=%2Fwp%2Fv2%2Fcomments&post=5729"}],"version-history":[{"count":10,"href":"http:\/\/slg-weddendorf.de\/index.php?rest_route=\/wp\/v2\/pages\/5729\/revisions"}],"predecessor-version":[{"id":5780,"href":"http:\/\/slg-weddendorf.de\/index.php?rest_route=\/wp\/v2\/pages\/5729\/revisions\/5780"}],"wp:attachment":[{"href":"http:\/\/slg-weddendorf.de\/index.php?rest_route=%2Fwp%2Fv2%2Fmedia&parent=5729"}],"curies":[{"name":"wp","href":"https:\/\/api.w.org\/{rel}","templated":true}]}}